{"id":2,"date":"2012-05-03T02:32:57","date_gmt":"2012-05-03T02:32:57","guid":{"rendered":"http:\/\/mascapaces.net\/?page_id=2"},"modified":"2016-02-26T22:10:46","modified_gmt":"2016-02-26T22:10:46","slug":"sample-page","status":"publish","type":"page","link":"https:\/\/mascapaces.net\/?page_id=2","title":{"rendered":"Y \u00e9ste, \u00bfqui\u00e9n es?"},"content":{"rendered":"<div id=\"attachment_73\" style=\"width: 190px\" class=\"wp-caption alignleft\"><a title=\"Afortunado durante unos pocos segundos\" href=\"https:\/\/mascapaces.net\/wp-content\/IMG115.jpg\" target=\"_blank\"><img loading=\"lazy\" decoding=\"async\" aria-describedby=\"caption-attachment-73\" class=\"size-medium wp-image-73\" title=\"Y parec\u00eda un tipo serio\" src=\"https:\/\/mascapaces.net\/wp-content\/uploads\/2012\/05\/ScreenHunter_01-May.-16-20.38-180x300.jpg\" alt=\"Foto muy reciente\" width=\"180\" height=\"300\" srcset=\"https:\/\/mascapaces.net\/wp-content\/uploads\/2012\/05\/ScreenHunter_01-May.-16-20.38-180x300.jpg 180w, https:\/\/mascapaces.net\/wp-content\/uploads\/2012\/05\/ScreenHunter_01-May.-16-20.38.jpg 234w\" sizes=\"auto, (max-width: 180px) 100vw, 180px\" \/><\/a><p id=\"caption-attachment-73\" class=\"wp-caption-text\">Puedes pulsar encima de la foto para descubrir qu\u00e9 me hace tanta gracia.<\/p><\/div>\n<p style=\"text-align: justify;\">Soy un humano preocupado por la educaci\u00f3n. Padre de una parejita: el mayor con dictamen de escolarizaci\u00f3n por sobredotaci\u00f3n intelectual, y la peque\u00f1a una artista en construcci\u00f3n. Se me ha ocurrido en la vida estudiar varias cosas, y casi no termino ninguna. Pero al final acab\u00e9 con el t\u00edtulo de Profesor de EGB de la especialidad de Ciencias, y posteriormente con el de Licenciado en Ciencias de la Educaci\u00f3n.<br \/>\nLo m\u00e1s gracioso es que desde hace mucho no ejerzo profesionalmente mi vocaci\u00f3n. Al final las lentejas te las tienes que ganar donde te lo permiten. Y gracias al ministro Maravall que me dej\u00f3 sin poder entrar de maestro por el antiguo acceso directo, prefer\u00ed ganar dinero a seguir estudiando y estudiando para tener una plaza eventual.<br \/>\nMientras trabajaba en horario de jornada continua en el mundo de los seguros, inici\u00e9 una aventura en Ingenier\u00eda T\u00e9cnica Industrial, que acab\u00f3 interrumpida por el nacimiento de mi primer hijo&#8230; y por mi inter\u00e9s por la educaci\u00f3n de los m\u00e1s capaces.<br \/>\nA partir del Congreso Internacional sobre atenci\u00f3n a los alumnos superdotados y talentosos (Zaragoza, 1998), en cuya organizaci\u00f3n particip\u00e9, me dediqu\u00e9 como voluntario de la Asociaci\u00f3n Aragonesa de Psicopedagog\u00eda a mover el tema, y fundar un \u00e1rea de altas capacidades intelectuales que lleg\u00f3 a agrupar casi 100 socios. En el 2006, form\u00e9 parte del grupo fundador de <a title=\"Web de Sin L\u00edmites\" href=\"http:\/\/sinlimites.altacapacidad.net\" target=\"_blank\">Sin L\u00edmites, Asociaci\u00f3n Aragonesa de Altas Capacidades<\/a>, que como Apple, naci\u00f3 en un garaje.<br \/>\nY entre unos y otros, mi tiempo libre lo he dedicado a mis hijos, a los hijos m\u00e1s capaces de otras familias con los que he compartido tiempo en talleres de enriquecimiento cient\u00edficos y en ludotecas, y a estudiar c\u00f3mo se pueden atender a estos alumnos tan interesantes dentro de los centros ordinarios, con los recursos humanos y materiales que tenemos (no me tir\u00e9is de la lengua). Y la historia de este blog empieza desde este punto y seguido.<\/p>\n","protected":false},"excerpt":{"rendered":"<p>Soy un humano preocupado por la educaci\u00f3n. Padre de una parejita: el mayor con dictamen de escolarizaci\u00f3n por sobredotaci\u00f3n intelectual, y la peque\u00f1a una artista en construcci\u00f3n. Se me ha ocurrido en la vida estudiar varias cosas, y casi no &hellip; <a href=\"https:\/\/mascapaces.net\/?page_id=2\">Sigue leyendo <span class=\"meta-nav\">&rarr;<\/span><\/a><\/p>\n","protected":false},"author":1,"featured_media":0,"parent":0,"menu_order":0,"comment_status":"open","ping_status":"open","template":"","meta":{"footnotes":""},"class_list":["post-2","page","type-page","status-publish","hentry"],"jetpack_sharing_enabled":true,"jetpack_shortlink":"https:\/\/wp.me\/P9WILI-2","_links":{"self":[{"href":"https:\/\/mascapaces.net\/index.php?rest_route=\/wp\/v2\/pages\/2","targetHints":{"allow":["GET"]}}],"collection":[{"href":"https:\/\/mascapaces.net\/index.php?rest_route=\/wp\/v2\/pages"}],"about":[{"href":"https:\/\/mascapaces.net\/index.php?rest_route=\/wp\/v2\/types\/page"}],"author":[{"embeddable":true,"href":"https:\/\/mascapaces.net\/index.php?rest_route=\/wp\/v2\/users\/1"}],"replies":[{"embeddable":true,"href":"https:\/\/mascapaces.net\/index.php?rest_route=%2Fwp%2Fv2%2Fcomments&post=2"}],"version-history":[{"count":13,"href":"https:\/\/mascapaces.net\/index.php?rest_route=\/wp\/v2\/pages\/2\/revisions"}],"predecessor-version":[{"id":449,"href":"https:\/\/mascapaces.net\/index.php?rest_route=\/wp\/v2\/pages\/2\/revisions\/449"}],"wp:attachment":[{"href":"https:\/\/mascapaces.net\/index.php?rest_route=%2Fwp%2Fv2%2Fmedia&parent=2"}],"curies":[{"name":"wp","href":"https:\/\/api.w.org\/{rel}","templated":true}]}}