{"id":56,"date":"2012-05-15T21:28:43","date_gmt":"2012-05-15T21:28:43","guid":{"rendered":"http:\/\/mascapaces.net\/?page_id=56"},"modified":"2020-05-04T15:10:20","modified_gmt":"2020-05-04T15:10:20","slug":"banco-de-recursos","status":"publish","type":"page","link":"https:\/\/mascapaces.net\/?page_id=56","title":{"rendered":"Banco de Recursos"},"content":{"rendered":"<p style=\"text-align: justify;\"><a href=\"http:\/\/www.altacapacidad.org\"><img loading=\"lazy\" decoding=\"async\" class=\"alignleft size-medium wp-image-57\" title=\"Banco de Recursos\" src=\"https:\/\/mascapaces.net\/wp-content\/uploads\/2012\/05\/Super-300x164.gif\" alt=\"Banco de Recursos\" width=\"300\" height=\"164\" srcset=\"https:\/\/mascapaces.net\/wp-content\/uploads\/2012\/05\/Super-300x164.gif 300w, https:\/\/mascapaces.net\/wp-content\/uploads\/2012\/05\/Super.gif 322w\" sizes=\"auto, (max-width: 300px) 100vw, 300px\" \/><\/a>Desde el a\u00f1o 2005 he apoyado la construcci\u00f3n de un Banco de Recursos para el desarrollo de la creatividad y de las altas capacidades, en el que se pudieran ir colgando materiales que facilitasen su utilizaci\u00f3n por los docentes que lo deseasen.<\/p>\n<p style=\"text-align: justify;\">\n<p style=\"text-align: justify;\">El altruismo tiene un precio, y es la irregularidad en la dedicaci\u00f3n y el trabajo. Desde la Asociaci\u00f3n Aragonesa de Psicopedagog\u00eda se intenta avanzar gracias a la colaboraci\u00f3n de los asistentes al Grupo de Trabajo para la atenci\u00f3n a los alumnos con altas capacidades en la escuela inclusiva. En estos momentos se encuentra cerrado, hasta encontrar una nueva ubicaci\u00f3n que tenga un acceso m\u00e1s simple.<\/p>\n<p>Os anunciar\u00e9 su reapertura en cuanto est\u00e9 disponible.<\/p>\n<p style=\"text-align: justify;\">\n","protected":false},"excerpt":{"rendered":"<p>Desde el a\u00f1o 2005 he apoyado la construcci\u00f3n de un Banco de Recursos para el desarrollo de la creatividad y de las altas capacidades, en el que se pudieran ir colgando materiales que facilitasen su utilizaci\u00f3n por los docentes que &hellip; <a href=\"https:\/\/mascapaces.net\/?page_id=56\">Sigue leyendo <span class=\"meta-nav\">&rarr;<\/span><\/a><\/p>\n","protected":false},"author":1,"featured_media":0,"parent":0,"menu_order":2,"comment_status":"open","ping_status":"open","template":"","meta":{"footnotes":""},"class_list":["post-56","page","type-page","status-publish","hentry"],"jetpack_sharing_enabled":true,"jetpack_shortlink":"https:\/\/wp.me\/P9WILI-U","_links":{"self":[{"href":"https:\/\/mascapaces.net\/index.php?rest_route=\/wp\/v2\/pages\/56","targetHints":{"allow":["GET"]}}],"collection":[{"href":"https:\/\/mascapaces.net\/index.php?rest_route=\/wp\/v2\/pages"}],"about":[{"href":"https:\/\/mascapaces.net\/index.php?rest_route=\/wp\/v2\/types\/page"}],"author":[{"embeddable":true,"href":"https:\/\/mascapaces.net\/index.php?rest_route=\/wp\/v2\/users\/1"}],"replies":[{"embeddable":true,"href":"https:\/\/mascapaces.net\/index.php?rest_route=%2Fwp%2Fv2%2Fcomments&post=56"}],"version-history":[{"count":5,"href":"https:\/\/mascapaces.net\/index.php?rest_route=\/wp\/v2\/pages\/56\/revisions"}],"predecessor-version":[{"id":596,"href":"https:\/\/mascapaces.net\/index.php?rest_route=\/wp\/v2\/pages\/56\/revisions\/596"}],"wp:attachment":[{"href":"https:\/\/mascapaces.net\/index.php?rest_route=%2Fwp%2Fv2%2Fmedia&parent=56"}],"curies":[{"name":"wp","href":"https:\/\/api.w.org\/{rel}","templated":true}]}}